{"id":673,"date":"2017-01-19T12:10:22","date_gmt":"2017-01-19T12:10:22","guid":{"rendered":"http:\/\/martin-mmd.dk\/wordpress\/?page_id=673"},"modified":"2017-01-19T12:10:22","modified_gmt":"2017-01-19T12:10:22","slug":"atdaeksler","status":"publish","type":"page","link":"https:\/\/berima.dk\/gb\/forside\/arbejdstegninger\/atdaeksler\/","title":{"rendered":"Arbejdstegning D\u00e6ksler"},"content":{"rendered":"<p><img decoding=\"async\" class=\"size-full wp-image-674 alignleft\" src=\"http:\/\/berima.dk\/wp-content\/uploads\/2017\/01\/d\u00e6ksler.jpg\" alt=\"\" width=\"175\" height=\"153\" \/><\/p>\n<table style=\"height: 267px;\" width=\"291\">\n<tbody>\n<tr>\n<td width=\"107\">\u00a0R\u00f8rd\u00e6ksler:<\/td>\n<td width=\"104\"><\/td>\n<\/tr>\n<tr>\n<td>\u00a0\u00a0St\u00e5lr\u00f8r dim.<\/td>\n<td>St\u00e5lr\u00f8r dim.<\/td>\n<\/tr>\n<tr>\n<td>20,0 mm<\/td>\n<td>133,0 mm.<\/td>\n<\/tr>\n<tr>\n<td>21,3 mm<\/td>\n<td>139,7 mm<\/td>\n<\/tr>\n<tr>\n<td>25,0 mm<\/td>\n<td>159,0 mm<\/td>\n<\/tr>\n<tr>\n<td>26,9 mm<\/td>\n<td>168,3 mm<\/td>\n<\/tr>\n<tr>\n<td>33,7 mm<\/td>\n<td>193,7 mm<\/td>\n<\/tr>\n<tr>\n<td>42,4 mm<\/td>\n<td>219,1 mm<\/td>\n<\/tr>\n<tr>\n<td>48,3 mm<\/td>\n<td>273,0 mm<\/td>\n<\/tr>\n<tr>\n<td>50,0 mm<\/td>\n<td>323,9 mm<\/td>\n<\/tr>\n<tr>\n<td>60,3 mm<\/td>\n<td>355,6 mm<\/td>\n<\/tr>\n<tr>\n<td>76,1 mm<\/td>\n<td>406,4 mm<\/td>\n<\/tr>\n<tr>\n<td>88,9 mm<\/td>\n<td>457,0 mm<\/td>\n<\/tr>\n<tr>\n<td>108,0 mm<\/td>\n<td>508,0 mm<\/td>\n<\/tr>\n<tr>\n<td>114,3 mm<\/td>\n<td>609,6 mm<\/td>\n<\/tr>\n<\/tbody>\n<\/table>\n","protected":false},"excerpt":{"rendered":"<p>\u00a0R\u00f8rd\u00e6ksler: \u00a0\u00a0St\u00e5lr\u00f8r dim. St\u00e5lr\u00f8r dim. 20,0 mm 133,0 mm. 21,3 mm 139,7 mm 25,0 mm 159,0 mm 26,9 mm 168,3 mm 33,7 mm 193,7 mm 42,4 mm 219,1 mm 48,3 mm 273,0 mm 50,0 mm 323,9 mm 60,3 mm 355,6 mm 76,1 mm 406,4 mm 88,9 mm 457,0 mm 108,0 mm 508,0 mm 114,3 mm &hellip; <\/p>\n<p class=\"link-more\"><a href=\"https:\/\/berima.dk\/gb\/forside\/arbejdstegninger\/atdaeksler\/\" class=\"more-link\">Continue reading<span class=\"screen-reader-text\"> &#8220;Arbejdstegning D\u00e6ksler&#8221;<\/span><\/a><\/p>\n","protected":false},"author":2,"featured_media":0,"parent":12,"menu_order":0,"comment_status":"closed","ping_status":"closed","template":"","meta":{"footnotes":""},"class_list":["post-673","page","type-page","status-publish","hentry"],"translation":{"provider":"WPGlobus","version":"3.0.2","language":"gb","enabled_languages":["da","gb","de"],"languages":{"da":{"title":true,"content":true,"excerpt":false},"gb":{"title":false,"content":false,"excerpt":false},"de":{"title":false,"content":false,"excerpt":false}}},"_links":{"self":[{"href":"https:\/\/berima.dk\/gb\/wp-json\/wp\/v2\/pages\/673","targetHints":{"allow":["GET"]}}],"collection":[{"href":"https:\/\/berima.dk\/gb\/wp-json\/wp\/v2\/pages"}],"about":[{"href":"https:\/\/berima.dk\/gb\/wp-json\/wp\/v2\/types\/page"}],"author":[{"embeddable":true,"href":"https:\/\/berima.dk\/gb\/wp-json\/wp\/v2\/users\/2"}],"replies":[{"embeddable":true,"href":"https:\/\/berima.dk\/gb\/wp-json\/wp\/v2\/comments?post=673"}],"version-history":[{"count":0,"href":"https:\/\/berima.dk\/gb\/wp-json\/wp\/v2\/pages\/673\/revisions"}],"up":[{"embeddable":true,"href":"https:\/\/berima.dk\/gb\/wp-json\/wp\/v2\/pages\/12"}],"wp:attachment":[{"href":"https:\/\/berima.dk\/gb\/wp-json\/wp\/v2\/media?parent=673"}],"curies":[{"name":"wp","href":"https:\/\/api.w.org\/{rel}","templated":true}]}}