{"id":1217,"date":"2017-03-01T21:33:20","date_gmt":"2017-03-01T21:33:20","guid":{"rendered":"http:\/\/martin-mmd.dk\/wordpress\/?page_id=1217"},"modified":"2017-03-01T21:33:20","modified_gmt":"2017-03-01T21:33:20","slug":"arbtstaenkhaette","status":"publish","type":"page","link":"https:\/\/berima.dk\/gb\/forside\/arbejdstegninger\/arbtstaenkhaette\/","title":{"rendered":"Arbejdstegning St\u00e6nkh\u00e6tter"},"content":{"rendered":"<h1>Arbejdstegning St\u00e6nkh\u00e6tter<\/h1>\n<p><img fetchpriority=\"high\" decoding=\"async\" class=\"alignnone wp-image-1218\" src=\"http:\/\/berima.dk\/wp-content\/uploads\/2017\/03\/St\u00e6nkh\u00e6tte-ARbtegning.jpg\" width=\"500\" height=\"506\" srcset=\"https:\/\/berima.dk\/wp-content\/uploads\/2017\/03\/St\u00e6nkh\u00e6tte-ARbtegning.jpg 548w, https:\/\/berima.dk\/wp-content\/uploads\/2017\/03\/St\u00e6nkh\u00e6tte-ARbtegning-296x300.jpg 296w, https:\/\/berima.dk\/wp-content\/uploads\/2017\/03\/St\u00e6nkh\u00e6tte-ARbtegning-100x100.jpg 100w\" sizes=\"(max-width: 500px) 100vw, 500px\" \/><\/p>\n<table width=\"133\">\n<tbody>\n<tr>\n<td width=\"73\">d (mm)<\/td>\n<td width=\"60\">D (mm)<\/td>\n<\/tr>\n<tr>\n<td>18<\/td>\n<td>63<\/td>\n<\/tr>\n<tr>\n<td>18<\/td>\n<td>77<\/td>\n<\/tr>\n<tr>\n<td>18<\/td>\n<td>90<\/td>\n<\/tr>\n<tr>\n<td>20<\/td>\n<td>63<\/td>\n<\/tr>\n<tr>\n<td>20<\/td>\n<td>75<\/td>\n<\/tr>\n<tr>\n<td>20<\/td>\n<td>77<\/td>\n<\/tr>\n<tr>\n<td>20<\/td>\n<td>90<\/td>\n<\/tr>\n<tr>\n<td>21,3<\/td>\n<td>90<\/td>\n<\/tr>\n<tr>\n<td>22<\/td>\n<td>63<\/td>\n<\/tr>\n<tr>\n<td>22<\/td>\n<td>77<\/td>\n<\/tr>\n<tr>\n<td>22<\/td>\n<td>90<\/td>\n<\/tr>\n<tr>\n<td>25<\/td>\n<td>75<\/td>\n<\/tr>\n<tr>\n<td>26,9<\/td>\n<td>90<\/td>\n<\/tr>\n<tr>\n<td>28<\/td>\n<td>75<\/td>\n<\/tr>\n<tr>\n<td>33,7<\/td>\n<td>90<\/td>\n<\/tr>\n<tr>\n<td>25,0-26,0<\/td>\n<td>63<\/td>\n<\/tr>\n<tr>\n<td>25,0-26,0<\/td>\n<td>77<\/td>\n<\/tr>\n<tr>\n<td>25,0-26,0<\/td>\n<td>90<\/td>\n<\/tr>\n<tr>\n<td>27,0-28,0<\/td>\n<td>77<\/td>\n<\/tr>\n<tr>\n<td>27,0-28,0<\/td>\n<td>90<\/td>\n<\/tr>\n<tr>\n<td>32,0-34,0<\/td>\n<td>77<\/td>\n<\/tr>\n<tr>\n<td>32,0-34,0<\/td>\n<td>90<\/td>\n<\/tr>\n<\/tbody>\n<\/table>\n","protected":false},"excerpt":{"rendered":"<p>Arbejdstegning St\u00e6nkh\u00e6tter d (mm) D (mm) 18 63 18 77 18 90 20 63 20 75 20 77 20 90 21,3 90 22 63 22 77 22 90 25 75 26,9 90 28 75 33,7 90 25,0-26,0 63 25,0-26,0 77 25,0-26,0 90 27,0-28,0 77 27,0-28,0 90 32,0-34,0 77 32,0-34,0 90<\/p>\n","protected":false},"author":2,"featured_media":0,"parent":12,"menu_order":0,"comment_status":"closed","ping_status":"closed","template":"","meta":{"footnotes":""},"class_list":["post-1217","page","type-page","status-publish","hentry"],"translation":{"provider":"WPGlobus","version":"3.0.2","language":"gb","enabled_languages":["da","gb","de"],"languages":{"da":{"title":true,"content":true,"excerpt":false},"gb":{"title":false,"content":false,"excerpt":false},"de":{"title":false,"content":false,"excerpt":false}}},"_links":{"self":[{"href":"https:\/\/berima.dk\/gb\/wp-json\/wp\/v2\/pages\/1217","targetHints":{"allow":["GET"]}}],"collection":[{"href":"https:\/\/berima.dk\/gb\/wp-json\/wp\/v2\/pages"}],"about":[{"href":"https:\/\/berima.dk\/gb\/wp-json\/wp\/v2\/types\/page"}],"author":[{"embeddable":true,"href":"https:\/\/berima.dk\/gb\/wp-json\/wp\/v2\/users\/2"}],"replies":[{"embeddable":true,"href":"https:\/\/berima.dk\/gb\/wp-json\/wp\/v2\/comments?post=1217"}],"version-history":[{"count":0,"href":"https:\/\/berima.dk\/gb\/wp-json\/wp\/v2\/pages\/1217\/revisions"}],"up":[{"embeddable":true,"href":"https:\/\/berima.dk\/gb\/wp-json\/wp\/v2\/pages\/12"}],"wp:attachment":[{"href":"https:\/\/berima.dk\/gb\/wp-json\/wp\/v2\/media?parent=1217"}],"curies":[{"name":"wp","href":"https:\/\/api.w.org\/{rel}","templated":true}]}}