{"id":1179,"date":"2017-03-01T20:23:59","date_gmt":"2017-03-01T20:23:59","guid":{"rendered":"http:\/\/martin-mmd.dk\/wordpress\/?page_id=1179"},"modified":"2017-03-01T20:23:59","modified_gmt":"2017-03-01T20:23:59","slug":"arbtdobbcuroerbaer","status":"publish","type":"page","link":"https:\/\/berima.dk\/gb\/forside\/arbejdstegninger\/arbtdobbcuroerbaer\/","title":{"rendered":"Arbejdstegninger Dobbelt CU r\u00f8rb\u00e6r"},"content":{"rendered":"<h1>Arbejdstegninger Dobbelt CU r\u00f8rb\u00e6r<\/h1>\n<p>&nbsp;<\/p>\n<p>&nbsp;<\/p>\n<p><img decoding=\"async\" class=\"wp-image-1184 alignleft\" src=\"http:\/\/berima.dk\/wp-content\/uploads\/2017\/03\/Dobbelt-centering-kryds.jpg\" width=\"300\" height=\"162\" srcset=\"https:\/\/berima.dk\/wp-content\/uploads\/2017\/03\/Dobbelt-centering-kryds.jpg 507w, https:\/\/berima.dk\/wp-content\/uploads\/2017\/03\/Dobbelt-centering-kryds-300x162.jpg 300w\" sizes=\"(max-width: 300px) 100vw, 300px\" \/><\/p>\n<table width=\"401\">\n<tbody>\n<tr>\n<td width=\"337\">Dobbelt Centerring Krys . 2 Tubes 2 Tracer<\/td>\n<td width=\"64\"><\/td>\n<\/tr>\n<tr>\n<td>2 x 18-18 \/ id \u00d8 79\/ \u00d8 90<\/td>\n<td>P-353<\/td>\n<\/tr>\n<tr>\n<td>2 x 20 &#8211; 20\/ ID \u00d8 90,5 \/ \u00d8 100<\/td>\n<td>P-453<\/td>\n<\/tr>\n<tr>\n<td>2 x 25 &#8211; 25 \/ id \u00d8 97 \/ \u00d8 110<\/td>\n<td>P-453<\/td>\n<\/tr>\n<tr>\n<td>4 x 18-18 \/ id \u00d8 79 \/ \u00d8 90<\/td>\n<td>P-354<\/td>\n<\/tr>\n<tr>\n<td>4 x 20 &#8211; 20\/ id \u00d8 90,5 \/ \u00d8 100<\/td>\n<td>P-453<\/td>\n<\/tr>\n<tr>\n<td>4 x 25 &#8211; 25 \/ id \u00d8 97 \u00d8 110<\/td>\n<td>P-453<\/td>\n<\/tr>\n<\/tbody>\n<\/table>\n<p>&nbsp;<\/p>\n<p><img fetchpriority=\"high\" decoding=\"async\" class=\"wp-image-1183 alignleft\" src=\"http:\/\/berima.dk\/wp-content\/uploads\/2017\/03\/Dobbelt-centering-kobber-2-tubes.jpg\" width=\"300\" height=\"198\" \/><\/p>\n<table width=\"401\">\n<tbody>\n<tr>\n<td width=\"337\">Dobbelt Centerring Til Kobber. 2 Tubes<\/td>\n<td width=\"64\"><\/td>\n<\/tr>\n<tr>\n<td>2 x 18 \u2013 22 \/ id \u00d8 82,7 \u00d8 90<\/td>\n<td>P-178-1<\/td>\n<\/tr>\n<tr>\n<td>2 x 22 \u2013 35 \/ id \u00d8 102,6 \u00d8 110<\/td>\n<td>P-178-1<\/td>\n<\/tr>\n<tr>\n<td>2 x 28 \u2013 42 \/ id \u00d8 117,2 \u00d8125<\/td>\n<td>P-178-2<\/td>\n<\/tr>\n<tr>\n<td>2 x 28 \u2013 54 \/ id \u00d8 132,8 \u00d8 140<\/td>\n<td>P-178-2<\/td>\n<\/tr>\n<tr>\n<td>2 x 28 \u2013 70 \/ id \u00d8 151,3 \u00d8 160<\/td>\n<td>P-178-1<\/td>\n<\/tr>\n<\/tbody>\n<\/table>\n<p>&nbsp;<\/p>\n<p><img decoding=\"async\" class=\"wp-image-1182 alignleft\" src=\"http:\/\/berima.dk\/wp-content\/uploads\/2017\/03\/Dobbelt-centering-2-tubes.jpg\" width=\"300\" height=\"180\" srcset=\"https:\/\/berima.dk\/wp-content\/uploads\/2017\/03\/Dobbelt-centering-2-tubes.jpg 418w, https:\/\/berima.dk\/wp-content\/uploads\/2017\/03\/Dobbelt-centering-2-tubes-300x180.jpg 300w\" sizes=\"(max-width: 300px) 100vw, 300px\" \/><\/p>\n<table width=\"401\">\n<tbody>\n<tr>\n<td width=\"337\">Dobbelt Centerring. 2 Tubes<\/td>\n<td width=\"64\"><\/td>\n<\/tr>\n<tr>\n<td>2 x 18 \u2013 18 \/ id \u00d8 79 \u00d8 90<\/td>\n<td>P-353<\/td>\n<\/tr>\n<tr>\n<td>2 x 22- 22 \/ id \u00d8 93 \u00d8 110 P-178<\/td>\n<td>P-178<\/td>\n<\/tr>\n<tr>\n<td>2 x 28 \u2013 28 \/ id \u00d8 110 \u00d8 125 P-178<\/td>\n<td>P-178<\/td>\n<\/tr>\n<\/tbody>\n<\/table>\n<p>&nbsp;<\/p>\n<p><img loading=\"lazy\" decoding=\"async\" class=\"size-full wp-image-1206 alignleft\" src=\"http:\/\/berima.dk\/wp-content\/uploads\/2017\/03\/centerrings-2-Tubes-1-Tracker2.jpg\" alt=\"\" width=\"629\" height=\"445\" srcset=\"https:\/\/berima.dk\/wp-content\/uploads\/2017\/03\/centerrings-2-Tubes-1-Tracker2.jpg 629w, https:\/\/berima.dk\/wp-content\/uploads\/2017\/03\/centerrings-2-Tubes-1-Tracker2-300x212.jpg 300w\" sizes=\"(max-width: 629px) 100vw, 629px\" \/><\/p>\n<table width=\"401\">\n<tbody>\n<tr>\n<td width=\"337\">Centerrings. \/ 2 Tubes 1 Tracer<\/td>\n<td width=\"64\"><\/td>\n<\/tr>\n<tr>\n<td>40\/\/20\/32\/140 id \u00f8132<\/td>\n<td>P-522<\/td>\n<\/tr>\n<tr>\n<td>63\/20\/63\/225 id \u00d8 211,6<\/td>\n<td>P-521<\/td>\n<\/tr>\n<tr>\n<td><\/td>\n<td><\/td>\n<\/tr>\n<tr>\n<td>Centerrings. \/ 2 Tubes 2 Tracer<\/td>\n<td><\/td>\n<\/tr>\n<tr>\n<td>40\/20\/20\/32 \/140 id \u00d8 132<\/td>\n<td>P-523<\/td>\n<\/tr>\n<\/tbody>\n<\/table>\n","protected":false},"excerpt":{"rendered":"<p>Arbejdstegninger Dobbelt CU r\u00f8rb\u00e6r &nbsp; &nbsp; Dobbelt Centerring Krys . 2 Tubes 2 Tracer 2 x 18-18 \/ id \u00d8 79\/ \u00d8 90 P-353 2 x 20 &#8211; 20\/ ID \u00d8 90,5 \/ \u00d8 100 P-453 2 x 25 &#8211; 25 \/ id \u00d8 97 \/ \u00d8 110 P-453 4 x 18-18 \/ id \u00d8 &hellip; <\/p>\n<p class=\"link-more\"><a href=\"https:\/\/berima.dk\/gb\/forside\/arbejdstegninger\/arbtdobbcuroerbaer\/\" class=\"more-link\">Continue reading<span class=\"screen-reader-text\"> &#8220;Arbejdstegninger Dobbelt CU r\u00f8rb\u00e6r&#8221;<\/span><\/a><\/p>\n","protected":false},"author":2,"featured_media":0,"parent":12,"menu_order":0,"comment_status":"closed","ping_status":"closed","template":"","meta":{"footnotes":""},"class_list":["post-1179","page","type-page","status-publish","hentry"],"translation":{"provider":"WPGlobus","version":"3.0.2","language":"gb","enabled_languages":["da","gb","de"],"languages":{"da":{"title":true,"content":true,"excerpt":false},"gb":{"title":false,"content":false,"excerpt":false},"de":{"title":false,"content":false,"excerpt":false}}},"_links":{"self":[{"href":"https:\/\/berima.dk\/gb\/wp-json\/wp\/v2\/pages\/1179","targetHints":{"allow":["GET"]}}],"collection":[{"href":"https:\/\/berima.dk\/gb\/wp-json\/wp\/v2\/pages"}],"about":[{"href":"https:\/\/berima.dk\/gb\/wp-json\/wp\/v2\/types\/page"}],"author":[{"embeddable":true,"href":"https:\/\/berima.dk\/gb\/wp-json\/wp\/v2\/users\/2"}],"replies":[{"embeddable":true,"href":"https:\/\/berima.dk\/gb\/wp-json\/wp\/v2\/comments?post=1179"}],"version-history":[{"count":0,"href":"https:\/\/berima.dk\/gb\/wp-json\/wp\/v2\/pages\/1179\/revisions"}],"up":[{"embeddable":true,"href":"https:\/\/berima.dk\/gb\/wp-json\/wp\/v2\/pages\/12"}],"wp:attachment":[{"href":"https:\/\/berima.dk\/gb\/wp-json\/wp\/v2\/media?parent=1179"}],"curies":[{"name":"wp","href":"https:\/\/api.w.org\/{rel}","templated":true}]}}