{"id":81,"date":"2017-01-06T06:45:06","date_gmt":"2017-01-06T06:45:06","guid":{"rendered":"http:\/\/martin-mmd.dk\/wordpress\/?page_id=81"},"modified":"2018-07-31T09:32:56","modified_gmt":"2018-07-31T07:32:56","slug":"specialartikler","status":"publish","type":"page","link":"https:\/\/berima.dk\/de\/forside\/produkter\/specialartikler\/","title":{"rendered":"Specialartikler"},"content":{"rendered":"<h1><img fetchpriority=\"high\" decoding=\"async\" class=\"alignnone wp-image-1752 size-full\" src=\"http:\/\/berima.dk\/wp-content\/uploads\/2018\/07\/Spezielle-Produkte.png\" alt=\"\" width=\"1200\" height=\"500\" srcset=\"https:\/\/berima.dk\/wp-content\/uploads\/2018\/07\/Spezielle-Produkte.png 1200w, https:\/\/berima.dk\/wp-content\/uploads\/2018\/07\/Spezielle-Produkte-300x125.png 300w, https:\/\/berima.dk\/wp-content\/uploads\/2018\/07\/Spezielle-Produkte-768x320.png 768w, https:\/\/berima.dk\/wp-content\/uploads\/2018\/07\/Spezielle-Produkte-1024x427.png 1024w\" sizes=\"(max-width: 706px) 89vw, (max-width: 767px) 82vw, 740px\" \/><\/h1>\n<h2>Hundeleget\u00f8j:<\/h2>\n<p>Ben leveres i f\u00f8lgende st\u00f8rrelser:<br \/>\n130mm, 155mm, 170mm og 195mm<\/p>\n<p><img decoding=\"async\" class=\"alignnone size-full wp-image-1138\" src=\"http:\/\/berima.dk\/wp-content\/uploads\/2017\/01\/d12-1.jpg\" alt=\"\" width=\"213\" height=\"60\" \/> <img decoding=\"async\" class=\"alignnone size-full wp-image-1139\" src=\"http:\/\/berima.dk\/wp-content\/uploads\/2017\/01\/d12-2.jpg\" alt=\"\" width=\"102\" height=\"115\" \/><\/p>\n<h2><\/h2>\n<h2>Ring<\/h2>\n<p>Ring leveres i st\u00f8rrelsen 140mm.<br \/>\nB\u00e5de ben og ring produceres i gul og brun Polyamid 6 med f\u00f8devaregodkendt indfarvning.<\/p>\n<p><img loading=\"lazy\" decoding=\"async\" class=\"wp-image-1140 alignnone\" src=\"http:\/\/berima.dk\/wp-content\/uploads\/2017\/01\/d12-3.jpg\" width=\"150\" height=\"148\" srcset=\"https:\/\/berima.dk\/wp-content\/uploads\/2017\/01\/d12-3.jpg 146w, https:\/\/berima.dk\/wp-content\/uploads\/2017\/01\/d12-3-100x100.jpg 100w\" sizes=\"(max-width: 150px) 100vw, 150px\" \/><\/p>\n<h2><\/h2>\n<h2>Hos Berima producerer vi f\u00f8lgende hegnsisolatorer:<\/h2>\n<ul>\n<li>4 mm for reb<\/li>\n<li>4 mm<img loading=\"lazy\" decoding=\"async\" class=\"size-full wp-image-1141 alignright\" src=\"http:\/\/berima.dk\/wp-content\/uploads\/2017\/01\/d13-2.jpg\" alt=\"\" width=\"100\" height=\"206\" \/><\/li>\n<li>6 mm<\/li>\n<li>8 mm<\/li>\n<li>10 mm<\/li>\n<li>12 mm<\/li>\n<li>5\/8 mm<\/li>\n<li>7\/8 mm<\/li>\n<li>Oval<\/li>\n<li>Hj\u00f8rneisolatorer<\/li>\n<\/ul>\n<h2><\/h2>\n<h2>Hj\u00f8rnebeskyttere<\/h2>\n<p>Hj\u00f8rnebeskyttere leveres i f\u00f8lgende dimensioner:<br \/>\n75mm x 75mm x 20mm<br \/>\n75mm x 75mm x 35mm<\/p>\n<p><img loading=\"lazy\" decoding=\"async\" class=\"alignnone wp-image-1143\" src=\"http:\/\/berima.dk\/wp-content\/uploads\/2017\/01\/d15-1.jpg\" width=\"150\" height=\"160\" \/><\/p>\n<h2>Plastsp\u00e6nder<\/h2>\n<p>Plastsp\u00e6nder er tilpasset til 16mm sp\u00e6ndeb\u00e5nd.<\/p>\n<p><img loading=\"lazy\" decoding=\"async\" class=\"alignnone wp-image-1145\" src=\"http:\/\/berima.dk\/wp-content\/uploads\/2017\/01\/d15-2.jpg\" width=\"79\" height=\"150\" \/><\/p>\n","protected":false},"excerpt":{"rendered":"<p>Hundeleget\u00f8j: Ben leveres i f\u00f8lgende st\u00f8rrelser: 130mm, 155mm, 170mm og 195mm Ring Ring leveres i st\u00f8rrelsen 140mm. B\u00e5de ben og ring produceres i gul og brun Polyamid 6 med f\u00f8devaregodkendt indfarvning. Hos Berima producerer vi f\u00f8lgende hegnsisolatorer: 4 mm for reb 4 mm 6 mm 8 mm 10 mm 12 mm 5\/8 mm 7\/8 mm &hellip; <\/p>\n<p class=\"link-more\"><a href=\"https:\/\/berima.dk\/de\/forside\/produkter\/specialartikler\/\" class=\"more-link\"><span class=\"screen-reader-text\">\u201eSpecialartikler\u201c <\/span>weiterlesen<\/a><\/p>\n","protected":false},"author":2,"featured_media":0,"parent":1269,"menu_order":0,"comment_status":"closed","ping_status":"closed","template":"","meta":{"footnotes":""},"class_list":["post-81","page","type-page","status-publish","hentry"],"translation":{"provider":"WPGlobus","version":"3.0.2","language":"de","enabled_languages":["da","gb","de"],"languages":{"da":{"title":true,"content":true,"excerpt":false},"gb":{"title":false,"content":true,"excerpt":false},"de":{"title":false,"content":true,"excerpt":false}}},"_links":{"self":[{"href":"https:\/\/berima.dk\/de\/wp-json\/wp\/v2\/pages\/81","targetHints":{"allow":["GET"]}}],"collection":[{"href":"https:\/\/berima.dk\/de\/wp-json\/wp\/v2\/pages"}],"about":[{"href":"https:\/\/berima.dk\/de\/wp-json\/wp\/v2\/types\/page"}],"author":[{"embeddable":true,"href":"https:\/\/berima.dk\/de\/wp-json\/wp\/v2\/users\/2"}],"replies":[{"embeddable":true,"href":"https:\/\/berima.dk\/de\/wp-json\/wp\/v2\/comments?post=81"}],"version-history":[{"count":4,"href":"https:\/\/berima.dk\/de\/wp-json\/wp\/v2\/pages\/81\/revisions"}],"predecessor-version":[{"id":1753,"href":"https:\/\/berima.dk\/de\/wp-json\/wp\/v2\/pages\/81\/revisions\/1753"}],"up":[{"embeddable":true,"href":"https:\/\/berima.dk\/de\/wp-json\/wp\/v2\/pages\/1269"}],"wp:attachment":[{"href":"https:\/\/berima.dk\/de\/wp-json\/wp\/v2\/media?parent=81"}],"curies":[{"name":"wp","href":"https:\/\/api.w.org\/{rel}","templated":true}]}}