{"id":8,"date":"2017-01-05T06:15:35","date_gmt":"2017-01-05T06:15:35","guid":{"rendered":"http:\/\/martin-mmd.dk\/wordpress\/?page_id=8"},"modified":"2018-07-31T10:39:34","modified_gmt":"2018-07-31T08:39:34","slug":"om-os","status":"publish","type":"page","link":"https:\/\/berima.dk\/de\/forside\/om-os\/","title":{"rendered":"Om os"},"content":{"rendered":"<h1>Om os<\/h1>\n<h3 style=\"text-align: left;\">\u00a0<a href=\"http:\/\/berima.dk\/wp-content\/uploads\/2017\/03\/Bygning.jpg\"><img fetchpriority=\"high\" decoding=\"async\" class=\"alignnone wp-image-1757 size-full\" src=\"http:\/\/berima.dk\/wp-content\/uploads\/2018\/07\/Bygning2.jpg\" alt=\"\" width=\"1200\" height=\"500\" srcset=\"https:\/\/berima.dk\/wp-content\/uploads\/2018\/07\/Bygning2.jpg 1200w, https:\/\/berima.dk\/wp-content\/uploads\/2018\/07\/Bygning2-300x125.jpg 300w, https:\/\/berima.dk\/wp-content\/uploads\/2018\/07\/Bygning2-768x320.jpg 768w, https:\/\/berima.dk\/wp-content\/uploads\/2018\/07\/Bygning2-1024x427.jpg 1024w\" sizes=\"(max-width: 706px) 89vw, (max-width: 767px) 82vw, 740px\" \/><\/a><\/h3>\n<p style=\"padding-left: 60px;\">Berima ApS er et ordre producerende spr\u00f8jtest\u00f8beri. Vi kombinerer mange\u00e5rig erfaring med spr\u00f8jtest\u00f8bning af plast, med nye kompetencer og produktionsmetoder til at levere komplette l\u00f8sninger, der lever op til kundens forventninger om kvalitet, \u00f8konomi og milj\u00f8.<\/p>\n<p style=\"padding-left: 60px;\">Vi kan r\u00e5dgive og assistere i alle faser af produktionsforl\u00f8bet. Brug os som totalleverand\u00f8r eller til dele af udviklings- og produktionsprocessen:<\/p>\n<ul>\n<li style=\"padding-left: 60px;\">Udvikling og design<\/li>\n<li style=\"padding-left: 60px;\">Formbygning<\/li>\n<li style=\"padding-left: 60px;\">Indk\u00f8b<\/li>\n<li style=\"padding-left: 60px;\">Produktion<\/li>\n<li style=\"padding-left: 60px;\">Kvalitetssikring<\/li>\n<li style=\"padding-left: 60px;\">Formlagring og vedligehold<\/li>\n<li style=\"padding-left: 60px;\">Recycling<\/li>\n<\/ul>\n<p style=\"padding-left: 60px;\">Vi har 22 sp\u00f8jtest\u00f8be maskiner fra 35T til 500T lukketryk. Vi st\u00f8ber alt fra 0,01 gr. Til 2300 gr. Emnev\u00e6gt. Vi producerer b\u00e5de store og sm\u00e5 serier, hvortil vi har et koncept, der kan reducere omkostninger til v\u00e6rkt\u00f8jer. Vi st\u00f8ber i alle typer Thermo plast.<\/p>\n<p style=\"padding-left: 60px;\">Med vor store viden om plast vil vi kunne v\u00e6re en kompetent samarbejdspartner.<\/p>\n<p style=\"padding-left: 60px;\">Berima har siden 1950 produceret kundetilpassede emner inden for produktomr\u00e5derne:<\/p>\n<ul>\n<li style=\"padding-left: 60px;\">Fjernvarme og VVS<\/li>\n<li style=\"padding-left: 60px;\">Betonelement industrien<\/li>\n<li style=\"padding-left: 60px;\">M\u00f8belproduktion<\/li>\n<li style=\"padding-left: 60px;\">Leget\u00f8j til k\u00e6ledyr<\/li>\n<li style=\"padding-left: 60px;\">Branchespecifikke specialkomponenter<\/li>\n<\/ul>\n<p style=\"padding-left: 60px;\">Vi har erfaring med materialetyper til alle ovenn\u00e6vnte brancher og produktomr\u00e5der og kan altid finde den optimale l\u00f8sning til dig.<\/p>\n","protected":false},"excerpt":{"rendered":"<p>Om os \u00a0 Berima ApS er et ordre producerende spr\u00f8jtest\u00f8beri. Vi kombinerer mange\u00e5rig erfaring med spr\u00f8jtest\u00f8bning af plast, med nye kompetencer og produktionsmetoder til at levere komplette l\u00f8sninger, der lever op til kundens forventninger om kvalitet, \u00f8konomi og milj\u00f8. Vi kan r\u00e5dgive og assistere i alle faser af produktionsforl\u00f8bet. Brug os som totalleverand\u00f8r eller til &hellip; <\/p>\n<p class=\"link-more\"><a href=\"https:\/\/berima.dk\/de\/forside\/om-os\/\" class=\"more-link\"><span class=\"screen-reader-text\">\u201eOm os\u201c <\/span>weiterlesen<\/a><\/p>\n","protected":false},"author":2,"featured_media":0,"parent":35,"menu_order":0,"comment_status":"closed","ping_status":"closed","template":"","meta":{"footnotes":""},"class_list":["post-8","page","type-page","status-publish","hentry"],"translation":{"provider":"WPGlobus","version":"3.0.2","language":"de","enabled_languages":["da","gb","de"],"languages":{"da":{"title":true,"content":true,"excerpt":false},"gb":{"title":false,"content":false,"excerpt":false},"de":{"title":false,"content":false,"excerpt":false}}},"_links":{"self":[{"href":"https:\/\/berima.dk\/de\/wp-json\/wp\/v2\/pages\/8","targetHints":{"allow":["GET"]}}],"collection":[{"href":"https:\/\/berima.dk\/de\/wp-json\/wp\/v2\/pages"}],"about":[{"href":"https:\/\/berima.dk\/de\/wp-json\/wp\/v2\/types\/page"}],"author":[{"embeddable":true,"href":"https:\/\/berima.dk\/de\/wp-json\/wp\/v2\/users\/2"}],"replies":[{"embeddable":true,"href":"https:\/\/berima.dk\/de\/wp-json\/wp\/v2\/comments?post=8"}],"version-history":[{"count":4,"href":"https:\/\/berima.dk\/de\/wp-json\/wp\/v2\/pages\/8\/revisions"}],"predecessor-version":[{"id":1758,"href":"https:\/\/berima.dk\/de\/wp-json\/wp\/v2\/pages\/8\/revisions\/1758"}],"up":[{"embeddable":true,"href":"https:\/\/berima.dk\/de\/wp-json\/wp\/v2\/pages\/35"}],"wp:attachment":[{"href":"https:\/\/berima.dk\/de\/wp-json\/wp\/v2\/media?parent=8"}],"curies":[{"name":"wp","href":"https:\/\/api.w.org\/{rel}","templated":true}]}}