{"id":1395,"date":"2018-07-25T07:50:27","date_gmt":"2018-07-25T05:50:27","guid":{"rendered":"http:\/\/berima.dk\/?page_id=1395"},"modified":"2018-07-31T15:45:32","modified_gmt":"2018-07-31T13:45:32","slug":"pelsdyr","status":"publish","type":"page","link":"https:\/\/berima.dk\/de\/forside\/produkter\/pelsdyr\/","title":{"rendered":"Pelsdyr produkter"},"content":{"rendered":"<h1><img fetchpriority=\"high\" decoding=\"async\" class=\"alignnone size-full wp-image-1747\" src=\"http:\/\/berima.dk\/wp-content\/uploads\/2018\/07\/Pelztiere.png\" alt=\"\" width=\"1200\" height=\"500\" srcset=\"https:\/\/berima.dk\/wp-content\/uploads\/2018\/07\/Pelztiere.png 1200w, https:\/\/berima.dk\/wp-content\/uploads\/2018\/07\/Pelztiere-300x125.png 300w, https:\/\/berima.dk\/wp-content\/uploads\/2018\/07\/Pelztiere-768x320.png 768w, https:\/\/berima.dk\/wp-content\/uploads\/2018\/07\/Pelztiere-1024x427.png 1024w\" sizes=\"(max-width: 706px) 89vw, (max-width: 767px) 82vw, 740px\" \/><\/h1>\n<table width=\"741\">\n<tbody>\n<tr>\n<td width=\"370\"><a href=\"http:\/\/berima.dk\/forside\/produkter\/pelsdyr\/foderplade\/\"><img decoding=\"async\" class=\"alignnone wp-image-1650\" src=\"http:\/\/berima.dk\/wp-content\/uploads\/2018\/07\/foderplade-skr\u00e5-2-300x167.jpg\" alt=\"\" width=\"250\" height=\"139\" srcset=\"https:\/\/berima.dk\/wp-content\/uploads\/2018\/07\/foderplade-skr\u00e5-2-300x167.jpg 300w, https:\/\/berima.dk\/wp-content\/uploads\/2018\/07\/foderplade-skr\u00e5-2-768x427.jpg 768w, https:\/\/berima.dk\/wp-content\/uploads\/2018\/07\/foderplade-skr\u00e5-2-1024x570.jpg 1024w, https:\/\/berima.dk\/wp-content\/uploads\/2018\/07\/foderplade-skr\u00e5-2.jpg 1271w\" sizes=\"(max-width: 250px) 100vw, 250px\" \/><\/a><\/td>\n<td width=\"370\">\n<h2>\u201dNO-WASTE\u201d<br \/>\nF\u00fcttern- \/trittplatte<\/h2>\n<\/td>\n<\/tr>\n<tr>\n<td width=\"370\">\u00a0<img decoding=\"async\" class=\"alignnone wp-image-1142\" src=\"http:\/\/berima.dk\/wp-content\/uploads\/2017\/01\/d14-1.jpg\" alt=\"\" width=\"200\" height=\"134\" \/><\/td>\n<td width=\"370\">\n<h2>Trinkbecher f\u00fcr Tiere:<\/h2>\n<p>Trinkbecher f\u00fcr Nerze hergestellt in gef\u00e4rbt\u00a0ABS.<\/td>\n<\/tr>\n<\/tbody>\n<\/table>\n","protected":false},"excerpt":{"rendered":"<p>\u201dNO-WASTE\u201d F\u00fcttern- \/trittplatte \u00a0 Trinkbecher f\u00fcr Tiere: Trinkbecher f\u00fcr Nerze hergestellt in gef\u00e4rbt\u00a0ABS.<\/p>\n","protected":false},"author":2,"featured_media":0,"parent":1269,"menu_order":0,"comment_status":"closed","ping_status":"closed","template":"","meta":{"footnotes":""},"class_list":["post-1395","page","type-page","status-publish","hentry"],"translation":{"provider":"WPGlobus","version":"3.0.2","language":"de","enabled_languages":["da","gb","de"],"languages":{"da":{"title":true,"content":true,"excerpt":false},"gb":{"title":false,"content":true,"excerpt":false},"de":{"title":false,"content":true,"excerpt":false}}},"_links":{"self":[{"href":"https:\/\/berima.dk\/de\/wp-json\/wp\/v2\/pages\/1395","targetHints":{"allow":["GET"]}}],"collection":[{"href":"https:\/\/berima.dk\/de\/wp-json\/wp\/v2\/pages"}],"about":[{"href":"https:\/\/berima.dk\/de\/wp-json\/wp\/v2\/types\/page"}],"author":[{"embeddable":true,"href":"https:\/\/berima.dk\/de\/wp-json\/wp\/v2\/users\/2"}],"replies":[{"embeddable":true,"href":"https:\/\/berima.dk\/de\/wp-json\/wp\/v2\/comments?post=1395"}],"version-history":[{"count":18,"href":"https:\/\/berima.dk\/de\/wp-json\/wp\/v2\/pages\/1395\/revisions"}],"predecessor-version":[{"id":1775,"href":"https:\/\/berima.dk\/de\/wp-json\/wp\/v2\/pages\/1395\/revisions\/1775"}],"up":[{"embeddable":true,"href":"https:\/\/berima.dk\/de\/wp-json\/wp\/v2\/pages\/1269"}],"wp:attachment":[{"href":"https:\/\/berima.dk\/de\/wp-json\/wp\/v2\/media?parent=1395"}],"curies":[{"name":"wp","href":"https:\/\/api.w.org\/{rel}","templated":true}]}}