{"id":1341,"date":"2017-07-06T05:24:01","date_gmt":"2017-07-06T03:24:01","guid":{"rendered":"http:\/\/berima.dk\/?page_id=1341"},"modified":"2018-07-31T15:46:23","modified_gmt":"2018-07-31T13:46:23","slug":"foderplade","status":"publish","type":"page","link":"https:\/\/berima.dk\/de\/forside\/produkter\/pelsdyr\/foderplade\/","title":{"rendered":"Foderplade"},"content":{"rendered":"<h2>\u201dNO-WASTE\u201d<br \/>\nF\u00fcttern- \/trittplatte<\/h2>\n<table width=\"741\">\n<tbody>\n<tr>\n<td width=\"370\"><img fetchpriority=\"high\" decoding=\"async\" class=\"alignnone wp-image-1619 size-medium\" src=\"http:\/\/berima.dk\/wp-content\/uploads\/2018\/07\/foderplade-for-269x300.jpg\" alt=\"\" width=\"269\" height=\"300\" srcset=\"https:\/\/berima.dk\/wp-content\/uploads\/2018\/07\/foderplade-for-269x300.jpg 269w, https:\/\/berima.dk\/wp-content\/uploads\/2018\/07\/foderplade-for.jpg 689w\" sizes=\"(max-width: 269px) 100vw, 269px\" \/><\/td>\n<td width=\"370\">Ved brug af foderpladen \u201dNO-WASTE\u201d opn\u00e5s \u00e5benlyse fordele:<\/p>\n<p>1. Besparelse af foder. Idet stort set<br \/>\nintet g\u00e5r til spilde.<br \/>\n2. Pladen passer til alle g\u00e6ngse gitter<br \/>\nst\u00f8rrelser af bure. Passer til \u00be\u201d, 1\u201d og<br \/>\n1 \u00bd\u201d.<br \/>\n3. St\u00f8rrelse 260 x 185 x 2,5 mm.<\/td>\n<\/tr>\n<tr>\n<td width=\"370\"><img decoding=\"async\" class=\"alignnone wp-image-1618 size-medium\" src=\"http:\/\/berima.dk\/wp-content\/uploads\/2018\/07\/foderplade-bag-267x300.jpg\" alt=\"\" width=\"267\" height=\"300\" srcset=\"https:\/\/berima.dk\/wp-content\/uploads\/2018\/07\/foderplade-bag-267x300.jpg 267w, https:\/\/berima.dk\/wp-content\/uploads\/2018\/07\/foderplade-bag.jpg 683w\" sizes=\"(max-width: 267px) 100vw, 267px\" \/><\/td>\n<td width=\"370\">4. Passer til \u00f82, \u00f82,5 og \u00f83 mm tr\u00e5d<br \/>\ntykkelse.<\/td>\n<\/tr>\n<tr>\n<td width=\"370\"><img decoding=\"async\" class=\"alignnone wp-image-1616 size-large\" src=\"http:\/\/berima.dk\/wp-content\/uploads\/2018\/07\/foderplade-skr\u00e5-1024x570.jpg\" alt=\"\" width=\"525\" height=\"292\" srcset=\"https:\/\/berima.dk\/wp-content\/uploads\/2018\/07\/foderplade-skr\u00e5-1024x570.jpg 1024w, https:\/\/berima.dk\/wp-content\/uploads\/2018\/07\/foderplade-skr\u00e5-300x167.jpg 300w, https:\/\/berima.dk\/wp-content\/uploads\/2018\/07\/foderplade-skr\u00e5-768x427.jpg 768w, https:\/\/berima.dk\/wp-content\/uploads\/2018\/07\/foderplade-skr\u00e5.jpg 1271w\" sizes=\"(max-width: 525px) 100vw, 525px\" \/><\/td>\n<td width=\"370\">5. Hakket i hj\u00f8rnet s\u00f8rger for at der er<br \/>\nplads til metal \u00f8jerne som samler<br \/>\nburet.<\/p>\n<p>6. Tidsbesparende, fordi den er nem at<br \/>\nmontere med snapfunktionen. L\u00e6g<br \/>\npladen i buret hvor den \u00f8nskes<br \/>\nplaceret og skub den frem til snappet<br \/>\ng\u00e5r i indgreb. Minken kan herefter<br \/>\nikke l\u00f8fte pladen af buret.<\/p>\n<p>7. Besparelsen i foder vil, efter de<br \/>\nhidtidige erfaringer, medf\u00f8re en<br \/>\ntilbagebetalingstid p\u00e5 kun 4 \u2013 6<br \/>\nm\u00e5neder.<\/p>\n<p>8. Pladen er under test ved DTU<br \/>\nVeterin\u00e6rinstituttet.<\/td>\n<\/tr>\n<tr>\n<td width=\"370\"><\/td>\n<td width=\"370\"><\/td>\n<\/tr>\n<\/tbody>\n<\/table>\n<p style=\"text-align: center;\">For yderligere oplysninger kontakt Arne Clausen p\u00e5 tlf. +45 2576 0514,<br \/>\neller mail berima@berima.dk<\/p>\n","protected":false},"excerpt":{"rendered":"<p>\u201dNO-WASTE\u201d F\u00fcttern- \/trittplatte Ved brug af foderpladen \u201dNO-WASTE\u201d opn\u00e5s \u00e5benlyse fordele: 1. Besparelse af foder. Idet stort set intet g\u00e5r til spilde. 2. Pladen passer til alle g\u00e6ngse gitter st\u00f8rrelser af bure. Passer til \u00be\u201d, 1\u201d og 1 \u00bd\u201d. 3. St\u00f8rrelse 260 x 185 x 2,5 mm. 4. Passer til \u00f82, \u00f82,5 og \u00f83 mm &hellip; <\/p>\n<p class=\"link-more\"><a href=\"https:\/\/berima.dk\/de\/forside\/produkter\/pelsdyr\/foderplade\/\" class=\"more-link\"><span class=\"screen-reader-text\">\u201eFoderplade\u201c <\/span>weiterlesen<\/a><\/p>\n","protected":false},"author":2,"featured_media":0,"parent":1395,"menu_order":0,"comment_status":"closed","ping_status":"closed","template":"","meta":{"footnotes":""},"class_list":["post-1341","page","type-page","status-publish","hentry"],"translation":{"provider":"WPGlobus","version":"3.0.2","language":"de","enabled_languages":["da","gb","de"],"languages":{"da":{"title":true,"content":true,"excerpt":false},"gb":{"title":false,"content":true,"excerpt":false},"de":{"title":false,"content":true,"excerpt":false}}},"_links":{"self":[{"href":"https:\/\/berima.dk\/de\/wp-json\/wp\/v2\/pages\/1341","targetHints":{"allow":["GET"]}}],"collection":[{"href":"https:\/\/berima.dk\/de\/wp-json\/wp\/v2\/pages"}],"about":[{"href":"https:\/\/berima.dk\/de\/wp-json\/wp\/v2\/types\/page"}],"author":[{"embeddable":true,"href":"https:\/\/berima.dk\/de\/wp-json\/wp\/v2\/users\/2"}],"replies":[{"embeddable":true,"href":"https:\/\/berima.dk\/de\/wp-json\/wp\/v2\/comments?post=1341"}],"version-history":[{"count":13,"href":"https:\/\/berima.dk\/de\/wp-json\/wp\/v2\/pages\/1341\/revisions"}],"predecessor-version":[{"id":1776,"href":"https:\/\/berima.dk\/de\/wp-json\/wp\/v2\/pages\/1341\/revisions\/1776"}],"up":[{"embeddable":true,"href":"https:\/\/berima.dk\/de\/wp-json\/wp\/v2\/pages\/1395"}],"wp:attachment":[{"href":"https:\/\/berima.dk\/de\/wp-json\/wp\/v2\/media?parent=1341"}],"curies":[{"name":"wp","href":"https:\/\/api.w.org\/{rel}","templated":true}]}}